{"id":116,"date":"2022-07-26T16:05:28","date_gmt":"2022-07-26T19:05:28","guid":{"rendered":"http:\/\/sgq-metalfam.bitqualy.tech\/?page_id=116"},"modified":"2022-12-13T01:31:25","modified_gmt":"2022-12-13T04:31:25","slug":"p05-satisfacao-de-clientes","status":"publish","type":"page","link":"https:\/\/sgq-metalfam.bitqualy.tech\/index.php\/p05-satisfacao-de-clientes\/","title":{"rendered":"P05 Satisfa\u00e7\u00e3o de Clientes"},"content":{"rendered":"<blockquote><p><img decoding=\"async\" class=\"size-medium wp-image-46 alignleft\" src=\"https:\/\/sgq-metalfam.bitqualy.tech\/wp-content\/uploads\/2022\/04\/doc_controlado-300x300.png\" alt=\"\" width=\"17%\" height=\"17%\" srcset=\"https:\/\/sgq-metalfam.bitqualy.tech\/wp-content\/uploads\/2022\/04\/doc_controlado-300x300.png 300w, https:\/\/sgq-metalfam.bitqualy.tech\/wp-content\/uploads\/2022\/04\/doc_controlado-150x150.png 150w, https:\/\/sgq-metalfam.bitqualy.tech\/wp-content\/uploads\/2022\/04\/doc_controlado.png 400w\" sizes=\"(max-width: 300px) 100vw, 300px\" \/> <strong>Documento Controlado<br \/>\nElaborado por:<\/strong> Rodrigo Andrioli<br \/>\n<strong>Aprovado por: <\/strong>Greidson Lima<br \/>\n<strong>Vers\u00e3o<\/strong> 01\u00a0 <strong>Data: <\/strong>12\/07\/2022<strong><br \/>\n<\/strong><\/p><\/blockquote>\n<p><strong>1 &#8211; Refer\u00eancias<\/strong><\/p>\n<p>Manual da Qualidade<\/p>\n<p>ISO 9001:2015<\/p>\n<p><strong>2 &#8211; Objetivo do Processo<\/strong><\/p>\n<p style=\"text-align: justify;\">O processo de Acompanhamento da Satisfa\u00e7\u00e3o de Clientes tem como objetivo monitorar o atendimento das necessidades e expectativas sobre os processos, produtos e servi\u00e7os da empresa, identificando pontos fortes e fracos perante seus clientes para um atendimento mais produtivo e eficaz.<\/p>\n<p><strong>3 &#8211; <\/strong><strong>Entradas do Processo<\/strong><\/p>\n<p>a) Pesquisa de Satisfa\u00e7\u00e3o;<br \/>\nb) Reclama\u00e7\u00f5es;<br \/>\nc) Registros de N\u00e3o Conformidade;<br \/>\nd) Infraestrutura t\u00e9cnica.<\/p>\n<p><strong>4 &#8211; <\/strong><strong>Descri\u00e7\u00e3o do Processo<\/strong><\/p>\n<p style=\"text-align: justify;\">O processo inicia-se com o envio da Pesquisa de Satisfa\u00e7\u00e3o para os clientes, atrav\u00e9s do Sistema <strong><a href=\"http:\/\/metalfam.bitqualy.tech\/\" target=\"_blank\" rel=\"noopener\">BitQualy<\/a><\/strong>. O monitoramento da satisfa\u00e7\u00e3o do cliente ocorre anualmente e os resultados recebidos s\u00e3o processados automaticamente no sistema. Para as pesquisas cujo cruzamento ficar abaixo da meta estabelecida \u00e9 definido um Plano de A\u00e7\u00e3o para que sejam efetuados os registros relativos ao caso, e tomadas a\u00e7\u00f5es que visem o aumento desse \u00edndice.<\/p>\n<p><strong>Nota:<\/strong> Caso algum item da pesquisa esteja como \u201cRuim\u201d ou \u201cP\u00e9ssimo\u201d, independente se estiver dentro da meta, dever\u00e1 ser aberto um Plano de A\u00e7\u00e3o para o item em quest\u00e3o.<\/p>\n<p><strong>5 &#8211; Observa\u00e7\u00f5es do Processo <\/strong><\/p>\n<p style=\"text-align: justify;\">&#8211; Para o envio da pesquisa deve ser gerado um link dentro do Sistema <strong><a href=\"http:\/\/metalfam.bitqualy.tech\/\" target=\"_blank\" rel=\"noopener\">BitQualy<\/a><\/strong>\u00a0e enviado ao cliente.<\/p>\n<p><strong>6 &#8211; Abordagem de Riscos do Processo<\/strong><\/p>\n<p>A abordagem de riscos do processo \u00e9 realizada conforme <a href=\"https:\/\/sgq-metalfam.bitqualy.tech\/index.php\/manual-de-mapeamento-de-riscos\/\" target=\"_blank\" rel=\"noopener\"><strong>MGR &#8211; MANUAL DE GERENCIAMENTO DE RISCO<\/strong><\/a> e registrada atrav\u00e9s do Sistema <strong><a href=\"http:\/\/metalfam.bitqualy.tech\/\" target=\"_blank\" rel=\"noopener\">BitQualy<\/a>.<\/strong><\/p>\n<p><strong>7 &#8211; <\/strong><strong>Sa\u00eddas do Processo<\/strong><\/p>\n<p>a) Pesquisa de Satisfa\u00e7\u00e3o realizada;<br \/>\nb) Planos de A\u00e7\u00e3o;<br \/>\nc) \u00cdndice de Satisfa\u00e7\u00e3o de Clientes.<\/p>\n<p><strong>8 &#8211; <\/strong><strong>Indicadores de Performance<\/strong><\/p>\n<p>&#8211; Os indicadores desse processo s\u00e3o determinados atrav\u00e9s do Sistema <strong><a href=\"http:\/\/metalfam.bitqualy.tech\/\" target=\"_blank\" rel=\"noopener\">BitQualy<\/a><\/strong>.<\/p>\n<p><strong>9 &#8211; Informa\u00e7\u00e3o documentada<\/strong><\/p>\n<table width=\"671\">\n<tbody>\n<tr>\n<td style=\"text-align: center;\" width=\"133\"><strong>Identifica\u00e7\u00e3o<\/strong><\/td>\n<td style=\"text-align: center;\" width=\"131\"><strong>Armazenamento<\/strong><\/td>\n<td style=\"text-align: center;\" width=\"118\"><strong>Prote\u00e7\u00e3o<\/strong><\/td>\n<td style=\"text-align: center;\" width=\"107\"><strong>Recupera\u00e7\u00e3o<\/strong><\/td>\n<td style=\"text-align: center;\" width=\"89\"><strong>Reten\u00e7\u00e3o<\/strong><\/td>\n<td style=\"text-align: center;\" width=\"94\"><strong>Disposi\u00e7\u00e3o<\/strong><\/td>\n<\/tr>\n<tr>\n<td style=\"text-align: left;\" width=\"133\">Plano de Risco do Processo<\/td>\n<td style=\"text-align: center;\" width=\"131\">Eletr\u00f4nico<\/td>\n<td style=\"text-align: center;\" width=\"118\">Sistema<\/td>\n<td style=\"text-align: center;\" width=\"107\">Data e N\u00famero<\/td>\n<td style=\"text-align: center;\" width=\"89\">Permanente<\/td>\n<td style=\"text-align: center;\" width=\"94\">Atualiza\u00e7\u00e3o<\/td>\n<\/tr>\n<tr>\n<td style=\"text-align: left;\" width=\"133\">Pesquisa de Satisfa\u00e7\u00e3o<\/td>\n<td style=\"text-align: center;\" width=\"131\">Eletr\u00f4nico<\/td>\n<td style=\"text-align: center;\" width=\"118\">Sistema<\/td>\n<td style=\"text-align: center;\" width=\"107\">Data<\/td>\n<td style=\"text-align: center;\" width=\"89\">Permanente<\/td>\n<td style=\"text-align: center;\" width=\"94\">Atualiza\u00e7\u00e3o<\/td>\n<\/tr>\n<\/tbody>\n<\/table>\n<p><strong>10 &#8211; Controle de Altera\u00e7\u00f5es<\/strong><\/p>\n<p>Hist\u00f3rico de altera\u00e7\u00f5es atrav\u00e9s do\u00a0Sistema <a href=\"http:\/\/metalfam.bitqualy.tech\/info_doc.php\" target=\"_blank\" rel=\"noopener\"><strong>BitQualy<\/strong><\/a> \u2013 Informa\u00e7\u00e3o Documentada.<\/p>\n<p>&nbsp;<\/p>\n","protected":false},"excerpt":{"rendered":"<p>Documento Controlado Elaborado por: Rodrigo Andrioli Aprovado por: Greidson Lima Vers\u00e3o 01\u00a0 Data: 12\/07\/2022 1 &#8211; Refer\u00eancias Manual da Qualidade ISO 9001:2015 2 &#8211; Objetivo do Processo O processo de Acompanhamento da Satisfa\u00e7\u00e3o de Clientes tem como objetivo monitorar o atendimento das necessidades e expectativas sobre os processos, produtos e servi\u00e7os da empresa, identificando pontos [&hellip;]<\/p>\n","protected":false},"author":1,"featured_media":0,"parent":0,"menu_order":0,"comment_status":"closed","ping_status":"closed","template":"","meta":{"footnotes":""},"_links":{"self":[{"href":"https:\/\/sgq-metalfam.bitqualy.tech\/index.php\/wp-json\/wp\/v2\/pages\/116"}],"collection":[{"href":"https:\/\/sgq-metalfam.bitqualy.tech\/index.php\/wp-json\/wp\/v2\/pages"}],"about":[{"href":"https:\/\/sgq-metalfam.bitqualy.tech\/index.php\/wp-json\/wp\/v2\/types\/page"}],"author":[{"embeddable":true,"href":"https:\/\/sgq-metalfam.bitqualy.tech\/index.php\/wp-json\/wp\/v2\/users\/1"}],"replies":[{"embeddable":true,"href":"https:\/\/sgq-metalfam.bitqualy.tech\/index.php\/wp-json\/wp\/v2\/comments?post=116"}],"version-history":[{"count":10,"href":"https:\/\/sgq-metalfam.bitqualy.tech\/index.php\/wp-json\/wp\/v2\/pages\/116\/revisions"}],"predecessor-version":[{"id":241,"href":"https:\/\/sgq-metalfam.bitqualy.tech\/index.php\/wp-json\/wp\/v2\/pages\/116\/revisions\/241"}],"wp:attachment":[{"href":"https:\/\/sgq-metalfam.bitqualy.tech\/index.php\/wp-json\/wp\/v2\/media?parent=116"}],"curies":[{"name":"wp","href":"https:\/\/api.w.org\/{rel}","templated":true}]}}