{"id":287,"date":"2023-03-21T13:01:44","date_gmt":"2023-03-21T16:01:44","guid":{"rendered":"http:\/\/sgq-metalfam.bitqualy.tech\/?page_id=287"},"modified":"2023-03-23T15:41:57","modified_gmt":"2023-03-23T18:41:57","slug":"p06-financeiro","status":"publish","type":"page","link":"https:\/\/sgq-metalfam.bitqualy.tech\/index.php\/p06-financeiro\/","title":{"rendered":"P06 Financeiro"},"content":{"rendered":"<blockquote><p><img decoding=\"async\" class=\"size-medium wp-image-46 alignleft\" src=\"https:\/\/sgq-metalfam.bitqualy.tech\/wp-content\/uploads\/2022\/04\/doc_controlado-300x300.png\" alt=\"\" width=\"17%\" height=\"17%\" srcset=\"https:\/\/sgq-metalfam.bitqualy.tech\/wp-content\/uploads\/2022\/04\/doc_controlado-300x300.png 300w, https:\/\/sgq-metalfam.bitqualy.tech\/wp-content\/uploads\/2022\/04\/doc_controlado-150x150.png 150w, https:\/\/sgq-metalfam.bitqualy.tech\/wp-content\/uploads\/2022\/04\/doc_controlado.png 400w\" sizes=\"(max-width: 300px) 100vw, 300px\" \/> <strong>Documento Controlado<br \/>\nElaborado por:<\/strong> Narciso Z. Filho<br \/>\n<strong>Aprovado por: <\/strong>Reginaldo Lima<br \/>\n<strong>Vers\u00e3o<\/strong> 01\u00a0 <strong>Data: <\/strong>22\/12\/2022<strong><br \/>\n<\/strong><\/p><\/blockquote>\n<p><strong>1 &#8211; Refer\u00eancias<\/strong><\/p>\n<p>Manual da Qualidade<br \/>\nISO 9001:2015<\/p>\n<p><strong>2 &#8211; <\/strong><strong>Objetivo do Processo<\/strong><\/p>\n<p style=\"text-align: justify;\">O Processo Financeiro tem como objetivo tratar dos assuntos relacionados \u00e0s finan\u00e7as da empresa, definindo as sequ\u00eancias das opera\u00e7\u00f5es financeiras e de faturamento, entre outras inerentes \u00e0 \u00e1rea.<\/p>\n<p><strong>3 &#8211; Entradas do Processo<\/strong><\/p>\n<p>a) Sistema para opera\u00e7\u00e3o dos processos;<br \/>\nb) Infraestrutura t\u00e9cnica;<br \/>\nc) Ordens de Produ\u00e7\u00e3o;<br \/>\nd) Informa\u00e7\u00f5es da \u00c1rea de Produ\u00e7\u00e3o;<br \/>\ne) Colaboradores.<\/p>\n<p><strong>4 &#8211; Fluxo das Atividades Financeiras<br \/>\n<\/strong><\/p>\n<p><img loading=\"lazy\" decoding=\"async\" class=\"alignnone wp-image-291 size-full\" src=\"https:\/\/sgq-metalfam.bitqualy.tech\/wp-content\/uploads\/2023\/03\/Fluxo-Financeiro.jpg\" alt=\"\" width=\"687\" height=\"323\" srcset=\"https:\/\/sgq-metalfam.bitqualy.tech\/wp-content\/uploads\/2023\/03\/Fluxo-Financeiro.jpg 687w, https:\/\/sgq-metalfam.bitqualy.tech\/wp-content\/uploads\/2023\/03\/Fluxo-Financeiro-300x141.jpg 300w\" sizes=\"(max-width: 687px) 100vw, 687px\" \/><\/p>\n<p><strong>4.1 &#8211; Descri\u00e7\u00e3o das Atividades Financeiras<\/strong><\/p>\n<p style=\"text-align: justify;\">O Processo Financeiro tem in\u00edcio com a verifica\u00e7\u00e3o da integra\u00e7\u00e3o dos sistemas banc\u00e1rios com o sistema interno de gest\u00e3o. Ap\u00f3s esta integra\u00e7\u00e3o, s\u00e3o promovidos os ajustes nos registros das contas a receber e das contas a pagar.<\/p>\n<p style=\"text-align: justify;\">Atrav\u00e9s da remessa e do recebimento de variados documentos, seja por correspond\u00eancia f\u00edsica, seja por meio eletr\u00f4nico, a \u00c1rea Financeira utiliza os servi\u00e7os terceirizados de um Escrit\u00f3rio Cont\u00e1bil, que a auxilia na:<br \/>\n<strong>(a)<\/strong> gera\u00e7\u00e3o da Folha de Pagamento;<br \/>\n<strong>(b)<\/strong> registro e baixa de funcion\u00e1rios;<br \/>\n<strong>(c)<\/strong> c\u00e1lculo de impostos e verbas rescis\u00f3rias;<br \/>\n<strong>(d)<\/strong> entrega de obriga\u00e7\u00f5es acess\u00f3rias;<br \/>\n<strong>(e)<\/strong> gera\u00e7\u00e3o de Boletos e Guias de Recolhimento, entre outros.<\/p>\n<p style=\"text-align: justify;\">Diariamente \u00e9 gerado um relat\u00f3rio de t\u00edtulos a pagar e a receber para posi\u00e7\u00e3o da Diretoria. Ap\u00f3s as devidas an\u00e1lises, s\u00e3o aprovados\/liberados os valores para pagamento. A negocia\u00e7\u00e3o ou renegocia\u00e7\u00e3o de pagamentos ou recebimentos \u00e9 uma atividade inerente da \u00e1rea, tamb\u00e9m de conhecimento da Diretoria.<\/p>\n<p style=\"text-align: justify;\">Toda documenta\u00e7\u00e3o f\u00edsica gerada, seja de pagamentos ou recebimentos, ap\u00f3s sua devida baixa, segue para arquivo.<\/p>\n<p style=\"text-align: justify;\"><strong>5 &#8211;\u00a0<\/strong><strong>Fluxo das Atividades do Faturamento<br \/>\n<\/strong><\/p>\n<p><img loading=\"lazy\" decoding=\"async\" class=\"alignnone wp-image-292 size-full\" src=\"https:\/\/sgq-metalfam.bitqualy.tech\/wp-content\/uploads\/2023\/03\/Fluxo-Faturamento.jpg\" alt=\"\" width=\"573\" height=\"361\" srcset=\"https:\/\/sgq-metalfam.bitqualy.tech\/wp-content\/uploads\/2023\/03\/Fluxo-Faturamento.jpg 573w, https:\/\/sgq-metalfam.bitqualy.tech\/wp-content\/uploads\/2023\/03\/Fluxo-Faturamento-300x189.jpg 300w\" sizes=\"(max-width: 573px) 100vw, 573px\" \/><\/p>\n<p><strong>5.1 &#8211; Descri\u00e7\u00e3o<\/strong><strong> das Atividades do Faturamento<\/strong><\/p>\n<p style=\"text-align: justify;\">Com a conclus\u00e3o do servi\u00e7o e a libera\u00e7\u00e3o pela Expedi\u00e7\u00e3o, a \u00c1rea Financeira d\u00e1 in\u00edcio \u00e0 verifica\u00e7\u00e3o das informa\u00e7\u00f5es de faturamento. Finalizada essa verifica\u00e7\u00e3o, a Nota Fiscal \u00e9 gerada e salva em uma pasta eletr\u00f4nica espec\u00edfica do sistema.<\/p>\n<p style=\"text-align: justify;\">Caso essa verifica\u00e7\u00e3o resulte em um envio parcial, a emiss\u00e3o da Nota Fiscal dever\u00e1 ocorrer efetivamente sobre as pe\u00e7as j\u00e1 finalizadas.<\/p>\n<p style=\"text-align: justify;\">Na sequ\u00eancia, os dados do Boleto (se houver) e da Nota Fiscal s\u00e3o alimentados no Sistema Financeiro da empresa. Depois, o arquivo XML da Nota Fiscal, bem como outros arquivos eletr\u00f4nicos que houver dessa opera\u00e7\u00e3o, s\u00e3o enviados ao cliente.<\/p>\n<p style=\"text-align: justify;\">Uma vez confirmada a assinatura obrigat\u00f3ria no campo de recebimento da Nota Fiscal, ocorre a sua digitaliza\u00e7\u00e3o e arquivo em uma pasta eletr\u00f4nica espec\u00edfica do sistema, encerrando-se assim o Processo Financeiro.<\/p>\n<p style=\"text-align: justify;\"><strong>6 &#8211; <\/strong><strong>Observa\u00e7\u00f5es do Processo <\/strong><\/p>\n<p style=\"text-align: justify;\">\u2013 As Notas Fiscais, bem como outros documentos julgados importantes pela \u00c1rea Financeira, dever\u00e3o ser digitalizados de forma a contribuir com a economia de espa\u00e7o f\u00edsico e uma maior promo\u00e7\u00e3o da sustentabilidade.<\/p>\n<p><strong>7 &#8211; Abordagem de Riscos do Processo<\/strong><\/p>\n<p style=\"text-align: justify;\">A abordagem de riscos deste processo \u00e9 realizada conforme <a href=\"https:\/\/sgq-metalfam.bitqualy.tech\/index.php\/manual-de-mapeamento-de-riscos\/\" target=\"_blank\" rel=\"noopener\"><strong>MGR &#8211; MANUAL DE GERENCIAMENTO DE RISCO<\/strong><\/a> e registrada atrav\u00e9s do Sistema <strong><a href=\"http:\/\/metalfam.bitqualy.tech\/\" target=\"_blank\" rel=\"noopener\">BitQualy<\/a>.<\/strong><\/p>\n<p><strong>8 &#8211; Sa\u00eddas do Processo<\/strong><\/p>\n<p>a) Notas Fiscais emitidas;<br \/>\nb) Envio de Arquivos XML;<br \/>\nc) Pagamentos liberados;<br \/>\nd) Pagamentos e envio de Boletos;<br \/>\ne) Registros em Sistema e arquivo.<\/p>\n<p><strong>9 &#8211; <\/strong><strong>Indicadores de Performance<\/strong><\/p>\n<p>Os indicadores do processo s\u00e3o definidos no Sistema <a href=\"http:\/\/metalfam.bitqualy.tech\/indicadores_processo.php\" target=\"_blank\" rel=\"noopener\"><strong>BitQualy<\/strong><\/a>.<\/p>\n<p><strong>10 &#8211; <\/strong><strong>Informa\u00e7\u00e3o documentada<\/strong><\/p>\n<table width=\"696\">\n<tbody>\n<tr>\n<td width=\"17%\">\n<p style=\"text-align: center;\"><strong>Identifica\u00e7\u00e3o<\/strong><\/p>\n<\/td>\n<td width=\"21%\">\n<p style=\"text-align: center;\"><strong>Armazenamento<\/strong><\/p>\n<\/td>\n<td width=\"15%\">\n<p style=\"text-align: center;\"><strong>Prote\u00e7\u00e3o<\/strong><\/p>\n<\/td>\n<td width=\"18%\">\n<p style=\"text-align: center;\"><strong>Recupera\u00e7\u00e3o<\/strong><\/p>\n<\/td>\n<td width=\"17%\">\n<p style=\"text-align: center;\"><strong>Reten\u00e7\u00e3o<\/strong><\/p>\n<\/td>\n<td width=\"15%\">\n<p style=\"text-align: center;\"><strong>Disposi\u00e7\u00e3o<\/strong><\/p>\n<\/td>\n<\/tr>\n<tr>\n<td width=\"129\">MGR-Manual de Gerenciamento de Risco<\/td>\n<td style=\"text-align: center;\" width=\"127\">Eletr\u00f4nico<\/td>\n<td style=\"text-align: center;\" width=\"137\">Banco de Dados<\/td>\n<td style=\"text-align: center;\" width=\"106\">Data<\/td>\n<td style=\"text-align: center;\" width=\"104\">3 Anos<\/td>\n<td style=\"text-align: center;\" width=\"93\">Delete<\/td>\n<\/tr>\n<tr>\n<td width=\"129\">Notas Fiscais<\/td>\n<td style=\"text-align: center;\" width=\"127\">Eletr\u00f4nico<\/td>\n<td style=\"text-align: center;\" width=\"137\">Pasta Eletr\u00f4nica<\/td>\n<td style=\"text-align: center;\" width=\"106\">Data \/ Cliente<\/td>\n<td style=\"text-align: center;\" width=\"104\">3 Anos<\/td>\n<td style=\"text-align: center;\" width=\"93\">Delete<\/td>\n<\/tr>\n<tr>\n<td width=\"129\">F01-Ordem de Produ\u00e7\u00e3o<\/td>\n<td style=\"text-align: center;\" width=\"127\">Eletr\u00f4nico<\/td>\n<td style=\"text-align: center;\" width=\"137\">Banco de Dados<\/td>\n<td style=\"text-align: center;\" width=\"106\">Data \/ N\u00famero<\/td>\n<td style=\"text-align: center;\" width=\"104\">3 Anos<\/td>\n<td style=\"text-align: center;\" width=\"93\">Delete<\/td>\n<\/tr>\n<\/tbody>\n<\/table>\n<p><strong>11 &#8211; Controle de Altera\u00e7\u00f5es<\/strong><\/p>\n<p>O controle de altera\u00e7\u00f5es \u00e9 realizado atrav\u00e9s do Sistema <a href=\"http:\/\/metalfam.bitqualy.tech\/info_doc.php\" target=\"_blank\" rel=\"noopener\"><strong>BitQualy<\/strong><\/a>.<\/p>\n","protected":false},"excerpt":{"rendered":"<p>Documento Controlado Elaborado por: Narciso Z. Filho Aprovado por: Reginaldo Lima Vers\u00e3o 01\u00a0 Data: 22\/12\/2022 1 &#8211; Refer\u00eancias Manual da Qualidade ISO 9001:2015 2 &#8211; Objetivo do Processo O Processo Financeiro tem como objetivo tratar dos assuntos relacionados \u00e0s finan\u00e7as da empresa, definindo as sequ\u00eancias das opera\u00e7\u00f5es financeiras e de faturamento, entre outras inerentes \u00e0 [&hellip;]<\/p>\n","protected":false},"author":3,"featured_media":0,"parent":0,"menu_order":0,"comment_status":"closed","ping_status":"closed","template":"","meta":{"footnotes":""},"_links":{"self":[{"href":"https:\/\/sgq-metalfam.bitqualy.tech\/index.php\/wp-json\/wp\/v2\/pages\/287"}],"collection":[{"href":"https:\/\/sgq-metalfam.bitqualy.tech\/index.php\/wp-json\/wp\/v2\/pages"}],"about":[{"href":"https:\/\/sgq-metalfam.bitqualy.tech\/index.php\/wp-json\/wp\/v2\/types\/page"}],"author":[{"embeddable":true,"href":"https:\/\/sgq-metalfam.bitqualy.tech\/index.php\/wp-json\/wp\/v2\/users\/3"}],"replies":[{"embeddable":true,"href":"https:\/\/sgq-metalfam.bitqualy.tech\/index.php\/wp-json\/wp\/v2\/comments?post=287"}],"version-history":[{"count":7,"href":"https:\/\/sgq-metalfam.bitqualy.tech\/index.php\/wp-json\/wp\/v2\/pages\/287\/revisions"}],"predecessor-version":[{"id":307,"href":"https:\/\/sgq-metalfam.bitqualy.tech\/index.php\/wp-json\/wp\/v2\/pages\/287\/revisions\/307"}],"wp:attachment":[{"href":"https:\/\/sgq-metalfam.bitqualy.tech\/index.php\/wp-json\/wp\/v2\/media?parent=287"}],"curies":[{"name":"wp","href":"https:\/\/api.w.org\/{rel}","templated":true}]}}