{"id":31,"date":"2022-04-25T10:40:55","date_gmt":"2022-04-25T13:40:55","guid":{"rendered":"http:\/\/sgq-metalfam.bitqualy.tech\/?page_id=31"},"modified":"2025-03-07T15:03:11","modified_gmt":"2025-03-07T18:03:11","slug":"politica-da-qualidade","status":"publish","type":"page","link":"https:\/\/sgq-metalfam.bitqualy.tech\/index.php\/politica-da-qualidade\/","title":{"rendered":"Pol\u00edticas"},"content":{"rendered":"<blockquote><p><img decoding=\"async\" class=\"size-medium wp-image-46 alignleft\" src=\"https:\/\/sgq-metalfam.bitqualy.tech\/wp-content\/uploads\/2022\/04\/doc_controlado-300x300.png\" alt=\"\" width=\"17%\" height=\"17%\" srcset=\"https:\/\/sgq-metalfam.bitqualy.tech\/wp-content\/uploads\/2022\/04\/doc_controlado-300x300.png 300w, https:\/\/sgq-metalfam.bitqualy.tech\/wp-content\/uploads\/2022\/04\/doc_controlado-150x150.png 150w, https:\/\/sgq-metalfam.bitqualy.tech\/wp-content\/uploads\/2022\/04\/doc_controlado.png 400w\" sizes=\"(max-width: 300px) 100vw, 300px\" \/> <strong>Documento Controlado<br \/>\nElaborado por:<\/strong> Narciso Z. Filho<br \/>\n<strong>Aprovado por: <\/strong>Greidson Lima<br \/>\n<strong>Vers\u00e3o:<\/strong> 01<br \/>\n<strong>Data: <\/strong>16\/03\/2023<\/p>\n<p>&nbsp;<\/p><\/blockquote>\n<h3 style=\"text-align: justify;\"><strong>Pol\u00edtica da Qualidade<\/h3>\n<p><\/strong><\/p>\n<h3 style=\"text-align: justify;\"><strong>&#8220;Buscamos aumentar a satisfa\u00e7\u00e3o dos nossos clientes atrav\u00e9s da melhoria cont\u00ednua de nossos processos e comprometimento com a qualidade pela presta\u00e7\u00e3o de servi\u00e7os de decapagem industrial de tintas, gancheiras e pe\u00e7as, com atendimento aos requisitos das partes interessadas e a capacita\u00e7\u00e3o e desenvolvimento de nossos colaboradores.&#8221;<\/h3>\n<p><\/strong><br \/>\n&nbsp;<br \/>\n&nbsp;<\/p>\n<blockquote><p><img decoding=\"async\" class=\"size-medium wp-image-46 alignleft\" src=\"https:\/\/sgq-metalfam.bitqualy.tech\/wp-content\/uploads\/2022\/04\/doc_controlado-300x300.png\" alt=\"\" width=\"17%\" height=\"17%\" srcset=\"https:\/\/sgq-metalfam.bitqualy.tech\/wp-content\/uploads\/2022\/04\/doc_controlado-300x300.png 300w, https:\/\/sgq-metalfam.bitqualy.tech\/wp-content\/uploads\/2022\/04\/doc_controlado-150x150.png 150w, https:\/\/sgq-metalfam.bitqualy.tech\/wp-content\/uploads\/2022\/04\/doc_controlado.png 400w\" sizes=\"(max-width: 300px) 100vw, 300px\" \/> <strong>Documento Controlado<br \/>\nElaborado por:<\/strong> Narciso Z. Filho<br \/>\n<strong>Aprovado por: <\/strong>Greidson Lima<br \/>\n<strong>Vers\u00e3o:<\/strong> 01<br \/>\n<strong>Data: <\/strong>17\/08\/2023<\/p>\n<p>&nbsp;<\/p><\/blockquote>\n<h3 style=\"text-align: justify;\"><strong>Pol\u00edtica Ambiental<\/h3>\n<p><\/strong><\/p>\n<h3 style=\"text-align: justify;\"><strong>&#8220;Com foco no respeito \u00e0 preserva\u00e7\u00e3o ambiental, a Metalfam Servi\u00e7os de Decapagem Ltda, adota as seguintes pr\u00e1ticas:<br \/>\n# Reaproveitamento da \u00e1gua, polui\u00e7\u00e3o atmosf\u00e9rica controlada e tratamento de res\u00edduos;<br \/>\n# Atendimento \u00e0 legisla\u00e7\u00e3o ambiental aplic\u00e1vel;<br \/>\n# Busca pela melhoria cont\u00ednua de seus processos ambientais e a\u00e7\u00f5es sustent\u00e1veis;<br \/>\n# Proporcionar um ambiente mais seguro e saud\u00e1vel aos seus colaboradores, parceiros e comunidade.&#8221;<\/h3>\n<p><\/strong><br \/>\n&nbsp;<br \/>\n<a href=\"https:\/\/sgq-metalfam.bitqualy.tech\/wp-content\/uploads\/2024\/08\/Texto-Preservacao-Ambiental.pdf\">BAIXAR ARTE<\/a><\/p>\n","protected":false},"excerpt":{"rendered":"<p>Documento Controlado Elaborado por: Narciso Z. Filho Aprovado por: Greidson Lima Vers\u00e3o: 01 Data: 16\/03\/2023 &nbsp; Pol\u00edtica da Qualidade &#8220;Buscamos aumentar a satisfa\u00e7\u00e3o dos nossos clientes atrav\u00e9s da melhoria cont\u00ednua de nossos processos e comprometimento com a qualidade pela presta\u00e7\u00e3o de servi\u00e7os de decapagem industrial de tintas, gancheiras e pe\u00e7as, com atendimento aos requisitos das [&hellip;]<\/p>\n","protected":false},"author":1,"featured_media":0,"parent":0,"menu_order":0,"comment_status":"closed","ping_status":"closed","template":"","meta":{"footnotes":""},"_links":{"self":[{"href":"https:\/\/sgq-metalfam.bitqualy.tech\/index.php\/wp-json\/wp\/v2\/pages\/31"}],"collection":[{"href":"https:\/\/sgq-metalfam.bitqualy.tech\/index.php\/wp-json\/wp\/v2\/pages"}],"about":[{"href":"https:\/\/sgq-metalfam.bitqualy.tech\/index.php\/wp-json\/wp\/v2\/types\/page"}],"author":[{"embeddable":true,"href":"https:\/\/sgq-metalfam.bitqualy.tech\/index.php\/wp-json\/wp\/v2\/users\/1"}],"replies":[{"embeddable":true,"href":"https:\/\/sgq-metalfam.bitqualy.tech\/index.php\/wp-json\/wp\/v2\/comments?post=31"}],"version-history":[{"count":15,"href":"https:\/\/sgq-metalfam.bitqualy.tech\/index.php\/wp-json\/wp\/v2\/pages\/31\/revisions"}],"predecessor-version":[{"id":551,"href":"https:\/\/sgq-metalfam.bitqualy.tech\/index.php\/wp-json\/wp\/v2\/pages\/31\/revisions\/551"}],"wp:attachment":[{"href":"https:\/\/sgq-metalfam.bitqualy.tech\/index.php\/wp-json\/wp\/v2\/media?parent=31"}],"curies":[{"name":"wp","href":"https:\/\/api.w.org\/{rel}","templated":true}]}}