{"id":339,"date":"2023-07-12T15:49:19","date_gmt":"2023-07-12T18:49:19","guid":{"rendered":"http:\/\/sgq-metalfam.bitqualy.tech\/?page_id=339"},"modified":"2023-07-12T16:41:56","modified_gmt":"2023-07-12T19:41:56","slug":"p08-logistica-e-expedicao","status":"publish","type":"page","link":"https:\/\/sgq-metalfam.bitqualy.tech\/index.php\/p08-logistica-e-expedicao\/","title":{"rendered":"P08 Log\u00edstica e Expedi\u00e7\u00e3o"},"content":{"rendered":"<blockquote><p><img decoding=\"async\" class=\"size-medium wp-image-46 alignleft\" src=\"https:\/\/sgq-metalfam.bitqualy.tech\/wp-content\/uploads\/2022\/04\/doc_controlado-300x300.png\" alt=\"\" width=\"17%\" height=\"17%\" srcset=\"https:\/\/sgq-metalfam.bitqualy.tech\/wp-content\/uploads\/2022\/04\/doc_controlado-300x300.png 300w, https:\/\/sgq-metalfam.bitqualy.tech\/wp-content\/uploads\/2022\/04\/doc_controlado-150x150.png 150w, https:\/\/sgq-metalfam.bitqualy.tech\/wp-content\/uploads\/2022\/04\/doc_controlado.png 400w\" sizes=\"(max-width: 300px) 100vw, 300px\" \/> <strong>Documento Controlado<br \/>\nElaborado por:<\/strong> Narciso Z. Filho<br \/>\n<strong>Aprovado por: <\/strong>Greidson Lima<br \/>\n<strong>Vers\u00e3o<\/strong> 01\u00a0 <strong>Data: <\/strong>04\/07\/2023<\/p>\n<p>&nbsp;<\/p><\/blockquote>\n<p><strong>1 &#8211; Refer\u00eancias<\/strong><\/p>\n<p>Manual da Qualidade<br \/>\nISO 9001:2015<\/p>\n<p><strong>2 &#8211; <\/strong><strong>Objetivo do Processo<\/strong><\/p>\n<p style=\"text-align: justify;\">O Processo de Log\u00edstica e Expedi\u00e7\u00e3o tem como objetivo registrar o recebimento dos produtos trazidos pelos clientes e a posterior devolu\u00e7\u00e3o dos mesmos ap\u00f3s a conclus\u00e3o dos servi\u00e7os prestados.<\/p>\n<p><strong>3 &#8211; Entradas do Processo<\/strong><\/p>\n<p>a) Notas Fiscais de Entradas;<br \/>\nb) Registros de recebimento dos servi\u00e7os;<br \/>\nc) Sistema para opera\u00e7\u00e3o dos processos;<br \/>\nd) Infraestrutura t\u00e9cnica.<\/p>\n<p><strong>4 &#8211; Processo de Log\u00edstica<\/strong><\/p>\n<p><strong>4.1 &#8211; <\/strong><strong>Fluxo do Processo de Log\u00edstica<\/strong><\/p>\n<p><img loading=\"lazy\" decoding=\"async\" class=\"alignnone wp-image-341 size-full\" src=\"https:\/\/sgq-metalfam.bitqualy.tech\/wp-content\/uploads\/2023\/07\/Fluxo-Logistica_V.01.jpg\" alt=\"\" width=\"659\" height=\"428\" srcset=\"https:\/\/sgq-metalfam.bitqualy.tech\/wp-content\/uploads\/2023\/07\/Fluxo-Logistica_V.01.jpg 659w, https:\/\/sgq-metalfam.bitqualy.tech\/wp-content\/uploads\/2023\/07\/Fluxo-Logistica_V.01-300x195.jpg 300w\" sizes=\"(max-width: 659px) 100vw, 659px\" \/><\/p>\n<p><strong>4.2 &#8211; Descri\u00e7\u00e3o do Processo de Log\u00edstica<\/strong><\/p>\n<p style=\"text-align: justify;\">O <strong>Processo de Log\u00edstica<\/strong> se inicia quando o ve\u00edculo do cliente \u00e9 estacionado sobre a <strong>Balan\u00e7a Rodovi\u00e1ria Eletr\u00f4nica<\/strong>. Na sequ\u00eancia, o motorista do ve\u00edculo entrega a Nota Fiscal do produto transportado (Nota Fiscal de Entrada) no <strong>Setor de Entrada de Notas Fiscais<\/strong>. O colaborador desse setor promove a recep\u00e7\u00e3o da Nota Fiscal, verifica se a emiss\u00e3o foi feita para a raz\u00e3o social da Metalfam Decapagem e anota no corpo da Nota Fiscal o <strong>peso de entrada (PBT)<\/strong> informado pela balan\u00e7a.<\/p>\n<p style=\"text-align: justify;\">Depois, o motorista \u00e9 autorizado a conduzir o ve\u00edculo para o <strong>Setor de Recebimento<\/strong>, para descarregamento do produto. Ap\u00f3s o descarregamento, o motorista volta a estacionar o ve\u00edculo sobre a <strong>Balan\u00e7a Rodovi\u00e1ria Eletr\u00f4nica<\/strong> para que seja anotado na Nota Fiscal de Entrada o <strong>peso de sa\u00edda (Tara)<\/strong> e o <strong>peso l\u00edquido do produto<\/strong>. Na sequ\u00eancia, o motorista \u00e9 dispensado.<\/p>\n<p style=\"text-align: justify;\">O colaborador do <strong>Setor de Entrada de Notas Fiscais<\/strong> verifica e lan\u00e7a no <strong>Sistema Metalfam<\/strong> alguns dados pertinentes da Nota Fiscal de Entrada, a saber:<br \/>\n&#8211; CFOP<br \/>\n&#8211; Quantidade\/Quilograma<br \/>\n&#8211; Descri\u00e7\u00e3o do Produto<br \/>\n&#8211; Todos os pesos obtidos<\/p>\n<p style=\"text-align: justify;\">A an\u00e1lise do cliente e do produto enviado, permitem ao colaborador atribuir a <strong>IOP (Instru\u00e7\u00e3o Operacional Padr\u00e3o)<\/strong> mais adequada para o processo.<\/p>\n<p style=\"text-align: justify;\">O Setor Comercial disponibiliza ao colaborador do setor, uma lista dos clientes que emitem Pedido de Compra no <strong>Sistema Asana<\/strong>. Caso a Nota Fiscal de Entrada perten\u00e7a a algum cliente dessa lista, mas n\u00e3o possua o Pedido de Compra em anexo, o colaborador do setor entrar\u00e1 em contato com a empresa solicitando seu envio por e-mail ou por WhatsApp.<\/p>\n<p style=\"text-align: justify;\">Por fim, de acordo com a necessidade do cliente (formalizada por m\u00eddia social ou por liga\u00e7\u00e3o telef\u00f4nica), o colaborador do setor tem autonomia para priorizar ou n\u00e3o esse servi\u00e7o.<\/p>\n<p style=\"text-align: justify;\">A Nota Fiscal de Entrada permanece com esse colaborador at\u00e9 o final do processo, ou seja, quando da conclus\u00e3o do servi\u00e7o (Processo de Expedi\u00e7\u00e3o).<\/p>\n<p><strong>4.3 &#8211; Fluxo do Processo de Expedi\u00e7\u00e3o<\/strong><\/p>\n<p><img loading=\"lazy\" decoding=\"async\" class=\"alignnone wp-image-342 size-full\" src=\"https:\/\/sgq-metalfam.bitqualy.tech\/wp-content\/uploads\/2023\/07\/Fluxo-Expedicao_V.01.jpg\" alt=\"\" width=\"683\" height=\"343\" srcset=\"https:\/\/sgq-metalfam.bitqualy.tech\/wp-content\/uploads\/2023\/07\/Fluxo-Expedicao_V.01.jpg 683w, https:\/\/sgq-metalfam.bitqualy.tech\/wp-content\/uploads\/2023\/07\/Fluxo-Expedicao_V.01-300x151.jpg 300w\" sizes=\"(max-width: 683px) 100vw, 683px\" \/><\/p>\n<p><strong>4.4 &#8211; Descri\u00e7\u00e3o do Processo de Expedi\u00e7\u00e3o<br \/>\n<\/strong><\/p>\n<p style=\"text-align: justify;\">O <strong>Processo de Expedi\u00e7\u00e3o<\/strong> se inicia quando o colaborador do <strong>Setor de Entrada de Notas Fiscais<\/strong> \u00e9 comunicado da conclus\u00e3o do servi\u00e7o. Independentemente dessa comunica\u00e7\u00e3o, o colaborador do setor possui controle aproximado do prazo de conclus\u00e3o, mediante liga\u00e7\u00e3o de cobran\u00e7a do cliente (quando ocorre) e pelo prazo anotado no <strong>Sistema Metalfam<\/strong>.<\/p>\n<p style=\"text-align: justify;\">Na sequ\u00eancia, o colaborador atualiza o <strong>Sistema Metalfam<\/strong>, localiza a Nota Fiscal de Entrada daquele servi\u00e7o e posta sua foto no <strong>Grupo WhatsApp \u201cNOTAS FISCAIS METALFAM\u201d<\/strong>. Depois, essa Nota Fiscal de Entrada \u00e9 levada fisicamente ao <strong>Setor Financeiro<\/strong>, concluindo dessa forma o pedido de emiss\u00e3o da Nota Fiscal de Sa\u00edda (ou Nota Fiscal de Retorno).<\/p>\n<p style=\"text-align: justify;\">O <strong>Setor Financeiro<\/strong> gera a Nota Fiscal de Sa\u00edda e coloca seu arquivo eletr\u00f4nico em uma pasta conjunta no sistema. Uma vez gerada, o colaborador do <strong>Setor de Entrada de Notas Fiscais<\/strong> a imprime em duas vias, sendo:<\/p>\n<p>a) 01 para acompanhamento\/retorno do produto ao cliente;<br \/>\nb) 01 para protocolo de entrega\/arquivo.<\/p>\n<p style=\"text-align: justify;\">Quando o motorista do cliente vem efetuar a retirada do material, identifica-se no setor correspondente e aguarda pela confer\u00eancia e libera\u00e7\u00e3o desse material. Ap\u00f3s o carregamento e assinatura no canhoto de retirada da Nota Fiscal de Sa\u00edda, o motorista \u00e9 liberado.<\/p>\n<p style=\"text-align: justify;\">O colaborador atualiza novamente o <strong>Sistema Metalfam<\/strong>, dando baixa da Nota Fiscal (emiss\u00e3o e entrega). Na sequ\u00eancia, faz o escaneamento da sua via da Nota Fiscal de Sa\u00edda, com o canhoto assinado, salvando o arquivo eletr\u00f4nico em outra pasta conjunta no sistema. Depois, a Nota Fiscal de Sa\u00edda f\u00edsica segue para arquivo em pasta espec\u00edfica do cliente, finalizando o processo.<\/p>\n<p><strong>5 &#8211; <\/strong><strong>Observa\u00e7\u00f5es do Processo <\/strong><\/p>\n<p style=\"text-align: justify;\">\u2013 No momento da obten\u00e7\u00e3o do <strong>peso l\u00edquido<\/strong>, o colaborador do <strong>Setor de Entrada de Notas Fiscais<\/strong> trabalha com uma margem de toler\u00e2ncia de 5% (cinco porcento) para mais ou para menos, de forma a compensar pequenas diverg\u00eancias.<\/p>\n<p style=\"text-align: justify;\">\u2013 Diferen\u00e7as mais relevantes, apuradas no peso ou quantidade, dever\u00e3o ser comunicadas ao cliente e, conforme o caso, solicitada uma Nota Fiscal Complementar para ajustar essas diverg\u00eancias.<\/p>\n<p style=\"text-align: justify;\">\u2013 Atrav\u00e9s do <strong>Grupo WhatsApp \u201cASSUNTOS GERAIS METALFAM\u201d<\/strong>, os colaboradores adicionados est\u00e3o em constante contato sobre o andamento de todos os servi\u00e7os.<\/p>\n<p style=\"text-align: justify;\">\u2013 Com a inten\u00e7\u00e3o de evitar um poss\u00edvel extravio da Nota Fiscal de Sa\u00edda no setor, ficou estabelecido que a mesma ficar\u00e1 em um m\u00f3vel de madeira, cujo nicho possui a identifica\u00e7\u00e3o do respectivo cliente.<\/p>\n<p style=\"text-align: justify;\"><strong>6 &#8211; Abordagem de Riscos do Processo<\/strong><\/p>\n<p style=\"text-align: justify;\">A abordagem de riscos deste processo \u00e9 realizada conforme determina\u00e7\u00f5es do <a href=\"https:\/\/sgq-metalfam.bitqualy.tech\/index.php\/manual-de-mapeamento-de-riscos\/\" target=\"_blank\" rel=\"noopener\"><strong>MGR-MANUAL DE GERENCIAMENTO DE RISCO<\/strong><\/a>.<\/p>\n<p><strong>7 &#8211; Sa\u00eddas do Processo<\/strong><\/p>\n<p>a) Notas Fiscais de Sa\u00eddas;<br \/>\nb) Registros de sa\u00eddas dos servi\u00e7os;<br \/>\nc) Baixas em cadastros;<br \/>\nd) Expedi\u00e7\u00e3o dos servi\u00e7os prontos.<\/p>\n<p><strong>8 &#8211; <\/strong><strong>Indicadores de Performance<\/strong><\/p>\n<p>Os indicadores de processo s\u00e3o registrados atrav\u00e9s do Sistema <a href=\"http:\/\/metalfam.bitqualy.tech\/indicadores_processo.php\" target=\"_blank\" rel=\"noopener\"><strong>BitQualy<\/strong><\/a>.<\/p>\n<p><strong>9 &#8211; <\/strong><strong>Informa\u00e7\u00e3o Documentada<\/strong><\/p>\n<p>Para efeito de informa\u00e7\u00e3o documentada devem ser mantidos os seguintes documentos:<\/p>\n<table width=\"696\">\n<tbody>\n<tr>\n<td width=\"19%\">\n<p style=\"text-align: center;\"><strong>Identifica\u00e7\u00e3o<\/strong><\/p>\n<\/td>\n<td width=\"23%\">\n<p style=\"text-align: center;\"><strong>Armazenamento<\/strong><\/p>\n<\/td>\n<td width=\"14%\">\n<p style=\"text-align: center;\"><strong>Prote\u00e7\u00e3o<\/strong><\/p>\n<\/td>\n<td width=\"19%\">\n<p style=\"text-align: center;\"><strong>Recupera\u00e7\u00e3o<\/strong><\/p>\n<\/td>\n<td width=\"17%\">\n<p style=\"text-align: center;\"><strong>Reten\u00e7\u00e3o<\/strong><\/p>\n<\/td>\n<td width=\"16%\">\n<p style=\"text-align: center;\"><strong>Disposi\u00e7\u00e3o<\/strong><\/p>\n<\/td>\n<\/tr>\n<tr>\n<td width=\"129\">MGR-Manual de Gerenciamento de Risco<\/td>\n<td style=\"text-align: center;\" width=\"127\">Eletr\u00f4nico<\/td>\n<td style=\"text-align: center;\" width=\"137\">Banco de Dados<\/td>\n<td style=\"text-align: center;\" width=\"106\">Data<\/td>\n<td style=\"text-align: center;\" width=\"104\">3 Anos<\/td>\n<td style=\"text-align: center;\" width=\"93\">Delete<\/td>\n<\/tr>\n<\/tbody>\n<\/table>\n<p><strong>10 &#8211; Controle de Altera\u00e7\u00f5es<\/strong><\/p>\n<p>O controle de altera\u00e7\u00f5es \u00e9 realizado atrav\u00e9s do Sistema <a href=\"http:\/\/metalfam.bitqualy.tech\/info_doc.php\" target=\"_blank\" rel=\"noopener\"><strong>BitQualy<\/strong><\/a>.<\/p>\n","protected":false},"excerpt":{"rendered":"<p>Documento Controlado Elaborado por: Narciso Z. Filho Aprovado por: Greidson Lima Vers\u00e3o 01\u00a0 Data: 04\/07\/2023 &nbsp; 1 &#8211; Refer\u00eancias Manual da Qualidade ISO 9001:2015 2 &#8211; Objetivo do Processo O Processo de Log\u00edstica e Expedi\u00e7\u00e3o tem como objetivo registrar o recebimento dos produtos trazidos pelos clientes e a posterior devolu\u00e7\u00e3o dos mesmos ap\u00f3s a conclus\u00e3o [&hellip;]<\/p>\n","protected":false},"author":3,"featured_media":0,"parent":0,"menu_order":0,"comment_status":"closed","ping_status":"closed","template":"","meta":{"footnotes":""},"_links":{"self":[{"href":"https:\/\/sgq-metalfam.bitqualy.tech\/index.php\/wp-json\/wp\/v2\/pages\/339"}],"collection":[{"href":"https:\/\/sgq-metalfam.bitqualy.tech\/index.php\/wp-json\/wp\/v2\/pages"}],"about":[{"href":"https:\/\/sgq-metalfam.bitqualy.tech\/index.php\/wp-json\/wp\/v2\/types\/page"}],"author":[{"embeddable":true,"href":"https:\/\/sgq-metalfam.bitqualy.tech\/index.php\/wp-json\/wp\/v2\/users\/3"}],"replies":[{"embeddable":true,"href":"https:\/\/sgq-metalfam.bitqualy.tech\/index.php\/wp-json\/wp\/v2\/comments?post=339"}],"version-history":[{"count":7,"href":"https:\/\/sgq-metalfam.bitqualy.tech\/index.php\/wp-json\/wp\/v2\/pages\/339\/revisions"}],"predecessor-version":[{"id":350,"href":"https:\/\/sgq-metalfam.bitqualy.tech\/index.php\/wp-json\/wp\/v2\/pages\/339\/revisions\/350"}],"wp:attachment":[{"href":"https:\/\/sgq-metalfam.bitqualy.tech\/index.php\/wp-json\/wp\/v2\/media?parent=339"}],"curies":[{"name":"wp","href":"https:\/\/api.w.org\/{rel}","templated":true}]}}