{"id":370,"date":"2024-02-21T14:28:25","date_gmt":"2024-02-21T17:28:25","guid":{"rendered":"http:\/\/sgq-metalfam.bitqualy.tech\/?page_id=370"},"modified":"2024-02-21T14:44:45","modified_gmt":"2024-02-21T17:44:45","slug":"objetivos-da-qualidade","status":"publish","type":"page","link":"https:\/\/sgq-metalfam.bitqualy.tech\/index.php\/objetivos-da-qualidade\/","title":{"rendered":"Objetivos da Qualidade"},"content":{"rendered":"<p>Os seguintes Objetivos da Qualidade est\u00e3o definidos nos n\u00edveis e fun\u00e7\u00f5es necess\u00e1rios para o Sistema de Gest\u00e3o da Qualidade, medidos e divulgados anualmente:<\/p>\n<p><strong>\u2022 \u00cdndice de Satisfa\u00e7\u00e3o de Clientes<\/strong><br \/>\nMedida atrav\u00e9s de Pesquisa de Satisfa\u00e7\u00e3o anual.<\/p>\n<p><strong>\u2022 \u00cdndice Geral de N\u00e3o Conformidades<\/strong><br \/>\nMedido atrav\u00e9s do levantamento de NCs anuais.<\/p>\n<p><strong>\u2022 \u00cdndice de Capacita\u00e7\u00e3o e Desenvolvimento<\/strong><br \/>\nMedido atrav\u00e9s do n\u00famero de horas de treinamento por colaborador ao ano.<\/p>\n<p>Metas definidas de acordo com o Sistema BitQualy.<\/p>\n<p>Clique no link abaixo para acessar o resultado dos Objetivos da Qualidade.<\/p>\n<p><a href=\"http:\/\/sgq-metalfam.bitqualy.com\/objetivos-da-qualidade\/\"><strong>Objetivos da Qualidade<\/strong><\/a><\/p>\n","protected":false},"excerpt":{"rendered":"<p>Os seguintes Objetivos da Qualidade est\u00e3o definidos nos n\u00edveis e fun\u00e7\u00f5es necess\u00e1rios para o Sistema de Gest\u00e3o da Qualidade, medidos e divulgados anualmente: \u2022 \u00cdndice de Satisfa\u00e7\u00e3o de Clientes Medida atrav\u00e9s de Pesquisa de Satisfa\u00e7\u00e3o anual. \u2022 \u00cdndice Geral de N\u00e3o Conformidades Medido atrav\u00e9s do levantamento de NCs anuais. \u2022 \u00cdndice de Capacita\u00e7\u00e3o e Desenvolvimento [&hellip;]<\/p>\n","protected":false},"author":3,"featured_media":0,"parent":0,"menu_order":0,"comment_status":"closed","ping_status":"closed","template":"","meta":{"footnotes":""},"_links":{"self":[{"href":"https:\/\/sgq-metalfam.bitqualy.tech\/index.php\/wp-json\/wp\/v2\/pages\/370"}],"collection":[{"href":"https:\/\/sgq-metalfam.bitqualy.tech\/index.php\/wp-json\/wp\/v2\/pages"}],"about":[{"href":"https:\/\/sgq-metalfam.bitqualy.tech\/index.php\/wp-json\/wp\/v2\/types\/page"}],"author":[{"embeddable":true,"href":"https:\/\/sgq-metalfam.bitqualy.tech\/index.php\/wp-json\/wp\/v2\/users\/3"}],"replies":[{"embeddable":true,"href":"https:\/\/sgq-metalfam.bitqualy.tech\/index.php\/wp-json\/wp\/v2\/comments?post=370"}],"version-history":[{"count":5,"href":"https:\/\/sgq-metalfam.bitqualy.tech\/index.php\/wp-json\/wp\/v2\/pages\/370\/revisions"}],"predecessor-version":[{"id":376,"href":"https:\/\/sgq-metalfam.bitqualy.tech\/index.php\/wp-json\/wp\/v2\/pages\/370\/revisions\/376"}],"wp:attachment":[{"href":"https:\/\/sgq-metalfam.bitqualy.tech\/index.php\/wp-json\/wp\/v2\/media?parent=370"}],"curies":[{"name":"wp","href":"https:\/\/api.w.org\/{rel}","templated":true}]}}