{"id":377,"date":"2024-02-21T14:51:28","date_gmt":"2024-02-21T17:51:28","guid":{"rendered":"http:\/\/sgq-metalfam.bitqualy.tech\/?page_id=377"},"modified":"2024-02-21T14:51:28","modified_gmt":"2024-02-21T17:51:28","slug":"cronograma-de-auditoria","status":"publish","type":"page","link":"https:\/\/sgq-metalfam.bitqualy.tech\/index.php\/cronograma-de-auditoria\/","title":{"rendered":"Cronograma de Auditoria"},"content":{"rendered":"<p>Este espa\u00e7o est\u00e1 destinado \u00e0 comunica\u00e7\u00e3o do Cronograma das Auditorias que ser\u00e3o realizadas no decorrer do ciclo de certifica\u00e7\u00e3o:<\/p>\n<p><strong>Auditoria Interna<\/strong><br \/>\n<strong>Pr\u00f3xima:<\/strong> aguardando<br \/>\n<strong>\u00daltima:<\/strong>\u00a0aguardando<\/p>\n<p><strong>Auditoria Externa<\/strong><br \/>\n<strong>Pr\u00f3xima:<\/strong> aguardando<br \/>\n<strong>\u00daltima:<\/strong>\u00a0aguardando<\/p>\n<p><strong>Auditoria de Recertifica\u00e7\u00e3o<br \/>\nPr\u00f3xima:<\/strong> aguardando<br \/>\n<strong>\u00daltima:<\/strong>\u00a0aguardando<\/p>\n","protected":false},"excerpt":{"rendered":"<p>Este espa\u00e7o est\u00e1 destinado \u00e0 comunica\u00e7\u00e3o do Cronograma das Auditorias que ser\u00e3o realizadas no decorrer do ciclo de certifica\u00e7\u00e3o: Auditoria Interna Pr\u00f3xima: aguardando \u00daltima:\u00a0aguardando Auditoria Externa Pr\u00f3xima: aguardando \u00daltima:\u00a0aguardando Auditoria de Recertifica\u00e7\u00e3o Pr\u00f3xima: aguardando \u00daltima:\u00a0aguardando<\/p>\n","protected":false},"author":3,"featured_media":0,"parent":0,"menu_order":0,"comment_status":"closed","ping_status":"closed","template":"","meta":{"footnotes":""},"_links":{"self":[{"href":"https:\/\/sgq-metalfam.bitqualy.tech\/index.php\/wp-json\/wp\/v2\/pages\/377"}],"collection":[{"href":"https:\/\/sgq-metalfam.bitqualy.tech\/index.php\/wp-json\/wp\/v2\/pages"}],"about":[{"href":"https:\/\/sgq-metalfam.bitqualy.tech\/index.php\/wp-json\/wp\/v2\/types\/page"}],"author":[{"embeddable":true,"href":"https:\/\/sgq-metalfam.bitqualy.tech\/index.php\/wp-json\/wp\/v2\/users\/3"}],"replies":[{"embeddable":true,"href":"https:\/\/sgq-metalfam.bitqualy.tech\/index.php\/wp-json\/wp\/v2\/comments?post=377"}],"version-history":[{"count":1,"href":"https:\/\/sgq-metalfam.bitqualy.tech\/index.php\/wp-json\/wp\/v2\/pages\/377\/revisions"}],"predecessor-version":[{"id":378,"href":"https:\/\/sgq-metalfam.bitqualy.tech\/index.php\/wp-json\/wp\/v2\/pages\/377\/revisions\/378"}],"wp:attachment":[{"href":"https:\/\/sgq-metalfam.bitqualy.tech\/index.php\/wp-json\/wp\/v2\/media?parent=377"}],"curies":[{"name":"wp","href":"https:\/\/api.w.org\/{rel}","templated":true}]}}