{"id":39,"date":"2022-04-25T10:42:47","date_gmt":"2022-04-25T13:42:47","guid":{"rendered":"http:\/\/sgq-metalfam.bitqualy.tech\/?page_id=39"},"modified":"2025-06-26T08:59:30","modified_gmt":"2025-06-26T11:59:30","slug":"instrucoes","status":"publish","type":"page","link":"https:\/\/sgq-metalfam.bitqualy.tech\/index.php\/instrucoes\/","title":{"rendered":"Instru\u00e7\u00f5es de Trabalho"},"content":{"rendered":"<p><a href=\"https:\/\/sgq-metalfam.bitqualy.tech\/wp-content\/uploads\/2024\/08\/IT01-Descarte-de-Residuos_V3.pdf\"><strong>IT01 &#8211; DESCARTE DE RES\u00cdDUOS<\/strong><\/a><\/p>\n<p><a href=\"https:\/\/sgq-metalfam.bitqualy.tech\/wp-content\/uploads\/2024\/07\/IT02-Processo-de-Lideranca_V1.pdf\"><strong>IT02 &#8211; PROCESSO DE LIDERAN\u00c7A<\/strong><\/a><\/p>\n<p><a href=\"https:\/\/sgq-metalfam.bitqualy.tech\/wp-content\/uploads\/2024\/12\/IT03-Treinamento-na-Utilizacao-de-EPIs_v2.pdf\"><strong>IT03 &#8211; TREINAMENTO NA UTILIZA\u00c7\u00c3O DE EPIs<\/strong><\/a><\/p>\n<p><a href=\"https:\/\/sgq-metalfam.bitqualy.tech\/wp-content\/uploads\/2024\/10\/IT04-Processo-da-Logistica_v2.pdf\"><strong>IT04 &#8211; PROCESSO DA LOG\u00cdSTICA<\/strong><\/a><\/p>\n<p><a href=\"https:\/\/sgq-metalfam.bitqualy.tech\/wp-content\/uploads\/2025\/06\/IT05-Processo-Montagem-Desmontagem-Pecas-e-Forno_V2.pdf\"><strong>IT05 &#8211; PROCESSO MONTAGEM-DESMONTAGEM PE\u00c7AS E FORNO<\/strong><\/a><\/p>\n<p><strong><a href=\"https:\/\/sgq-metalfam.bitqualy.tech\/wp-content\/uploads\/2024\/10\/IT06-Processo-de-Lavagem-e-seus-Complementos_v2.pdf\">IT06 &#8211; PROCESSO DE LAVAGEM E SEUS COMPLEMENTOS<\/a><br \/>\n<\/strong><\/p>\n<p><a href=\"https:\/\/sgq-metalfam.bitqualy.tech\/wp-content\/uploads\/2024\/08\/IT07-Processo-Solvente_V1.pdf\"><strong>IT07 &#8211; PROCESSO SOLVENTE<\/strong><\/a><\/p>\n<p><a href=\"https:\/\/sgq-metalfam.bitqualy.tech\/wp-content\/uploads\/2024\/10\/IT08-Processo-Alcalino_v2.pdf\"><strong>IT08 &#8211; PROCESSO ALCALINO<\/strong><\/a><\/p>\n<p><a href=\"https:\/\/sgq-metalfam.bitqualy.tech\/wp-content\/uploads\/2024\/07\/IT09-Processo-de-Jateamento_V1.pdf\"><strong>IT09 &#8211; PROCESSO DE JATEAMENTO<\/strong><\/a><\/p>\n<p><a href=\"https:\/\/sgq-metalfam.bitqualy.tech\/wp-content\/uploads\/2024\/07\/IT10-Processo-Serralheria_V1.pdf\"><strong>IT10 &#8211; PROCESSO SERRALHERIA<\/strong><\/a><\/p>\n","protected":false},"excerpt":{"rendered":"<p>IT01 &#8211; DESCARTE DE RES\u00cdDUOS IT02 &#8211; PROCESSO DE LIDERAN\u00c7A IT03 &#8211; TREINAMENTO NA UTILIZA\u00c7\u00c3O DE EPIs IT04 &#8211; PROCESSO DA LOG\u00cdSTICA IT05 &#8211; PROCESSO MONTAGEM-DESMONTAGEM PE\u00c7AS E FORNO IT06 &#8211; PROCESSO DE LAVAGEM E SEUS COMPLEMENTOS IT07 &#8211; PROCESSO SOLVENTE IT08 &#8211; PROCESSO ALCALINO IT09 &#8211; PROCESSO DE JATEAMENTO IT10 &#8211; PROCESSO SERRALHERIA<\/p>\n","protected":false},"author":1,"featured_media":0,"parent":0,"menu_order":0,"comment_status":"closed","ping_status":"closed","template":"","meta":{"footnotes":""},"_links":{"self":[{"href":"https:\/\/sgq-metalfam.bitqualy.tech\/index.php\/wp-json\/wp\/v2\/pages\/39"}],"collection":[{"href":"https:\/\/sgq-metalfam.bitqualy.tech\/index.php\/wp-json\/wp\/v2\/pages"}],"about":[{"href":"https:\/\/sgq-metalfam.bitqualy.tech\/index.php\/wp-json\/wp\/v2\/types\/page"}],"author":[{"embeddable":true,"href":"https:\/\/sgq-metalfam.bitqualy.tech\/index.php\/wp-json\/wp\/v2\/users\/1"}],"replies":[{"embeddable":true,"href":"https:\/\/sgq-metalfam.bitqualy.tech\/index.php\/wp-json\/wp\/v2\/comments?post=39"}],"version-history":[{"count":22,"href":"https:\/\/sgq-metalfam.bitqualy.tech\/index.php\/wp-json\/wp\/v2\/pages\/39\/revisions"}],"predecessor-version":[{"id":570,"href":"https:\/\/sgq-metalfam.bitqualy.tech\/index.php\/wp-json\/wp\/v2\/pages\/39\/revisions\/570"}],"wp:attachment":[{"href":"https:\/\/sgq-metalfam.bitqualy.tech\/index.php\/wp-json\/wp\/v2\/media?parent=39"}],"curies":[{"name":"wp","href":"https:\/\/api.w.org\/{rel}","templated":true}]}}