{"id":394,"date":"2024-05-22T10:08:02","date_gmt":"2024-05-22T13:08:02","guid":{"rendered":"http:\/\/sgq-metalfam.bitqualy.tech\/?page_id=394"},"modified":"2025-05-19T17:52:39","modified_gmt":"2025-05-19T20:52:39","slug":"codigo-de-conduta-etica","status":"publish","type":"page","link":"https:\/\/sgq-metalfam.bitqualy.tech\/index.php\/codigo-de-conduta-etica\/","title":{"rendered":"C\u00f3digo de Conduta \u00c9tica"},"content":{"rendered":"<p><a href=\"https:\/\/sgq-metalfam.bitqualy.tech\/wp-content\/uploads\/2025\/05\/Codigo-de-Etica-Metalfam_v2_13.03.25.pdf\"><strong>C\u00d3DIGO DE \u00c9TICA METALFAM<\/strong><\/a><\/p>\n<p><a href=\"https:\/\/sgq-metalfam.bitqualy.tech\/wp-content\/uploads\/2025\/05\/FCOM-Formulario-de-Comunicacao_CCE_v2.xls\"><strong>FCOM &#8211; FORMUL\u00c1RIO DE COMUNICA\u00c7\u00c3O<\/strong><\/a><\/p>\n","protected":false},"excerpt":{"rendered":"<p>C\u00d3DIGO DE \u00c9TICA METALFAM FCOM &#8211; FORMUL\u00c1RIO DE COMUNICA\u00c7\u00c3O<\/p>\n","protected":false},"author":3,"featured_media":0,"parent":0,"menu_order":0,"comment_status":"closed","ping_status":"closed","template":"","meta":{"footnotes":""},"_links":{"self":[{"href":"https:\/\/sgq-metalfam.bitqualy.tech\/index.php\/wp-json\/wp\/v2\/pages\/394"}],"collection":[{"href":"https:\/\/sgq-metalfam.bitqualy.tech\/index.php\/wp-json\/wp\/v2\/pages"}],"about":[{"href":"https:\/\/sgq-metalfam.bitqualy.tech\/index.php\/wp-json\/wp\/v2\/types\/page"}],"author":[{"embeddable":true,"href":"https:\/\/sgq-metalfam.bitqualy.tech\/index.php\/wp-json\/wp\/v2\/users\/3"}],"replies":[{"embeddable":true,"href":"https:\/\/sgq-metalfam.bitqualy.tech\/index.php\/wp-json\/wp\/v2\/comments?post=394"}],"version-history":[{"count":7,"href":"https:\/\/sgq-metalfam.bitqualy.tech\/index.php\/wp-json\/wp\/v2\/pages\/394\/revisions"}],"predecessor-version":[{"id":561,"href":"https:\/\/sgq-metalfam.bitqualy.tech\/index.php\/wp-json\/wp\/v2\/pages\/394\/revisions\/561"}],"wp:attachment":[{"href":"https:\/\/sgq-metalfam.bitqualy.tech\/index.php\/wp-json\/wp\/v2\/media?parent=394"}],"curies":[{"name":"wp","href":"https:\/\/api.w.org\/{rel}","templated":true}]}}