{"id":6,"date":"2022-04-25T10:18:08","date_gmt":"2022-04-25T13:18:08","guid":{"rendered":"http:\/\/sgq-metalfam.bitqualy.tech\/?page_id=6"},"modified":"2024-02-21T15:03:58","modified_gmt":"2024-02-21T18:03:58","slug":"pagina-inicial","status":"publish","type":"page","link":"https:\/\/sgq-metalfam.bitqualy.tech\/","title":{"rendered":"P\u00e1gina Inicial"},"content":{"rendered":"<p style=\"text-align: justify;\">Este Portal foi desenvolvido para servir como base para o Sistema de Gest\u00e3o da Qualidade da Metalfam Decapagem de Gancheiras e Pe\u00e7as.<br \/>\nO Portal do Sistema de Gest\u00e3o da Qualidade pode ser acessado de qualquer lugar do mundo, em qualquer tipo de dispositivo e possui um sistema de seguran\u00e7a de dados que evita perdas de informa\u00e7\u00f5es e intrus\u00e3o.<br \/>\nTodos os funcion\u00e1rios, colaboradores e clientes podem acessar o Portal, mediante login e senha personalizados.<\/p>\n<table width=\"915\">\n<tbody>\n<tr>\n<td width=\"114\">\u00a0<img loading=\"lazy\" decoding=\"async\" class=\"aligncenter wp-image-56 size-thumbnail\" src=\"https:\/\/sgq-metalfam.bitqualy.tech\/wp-content\/uploads\/2022\/04\/lupa-150x150.png\" alt=\"\" width=\"150\" height=\"150\" srcset=\"https:\/\/sgq-metalfam.bitqualy.tech\/wp-content\/uploads\/2022\/04\/lupa-150x150.png 150w, https:\/\/sgq-metalfam.bitqualy.tech\/wp-content\/uploads\/2022\/04\/lupa-300x300.png 300w, https:\/\/sgq-metalfam.bitqualy.tech\/wp-content\/uploads\/2022\/04\/lupa.png 400w\" sizes=\"(max-width: 150px) 100vw, 150px\" \/><\/td>\n<td width=\"462\">\n<h4><strong>OBJETIVOS DA QUALIDADE<\/strong><\/h4>\n<p>Os objetivos est\u00e3o vinculados \u00e0 Pol\u00edtica do Sistema de Gest\u00e3o da Qualidade de modo a mensurar indicadores sobre a manuten\u00e7\u00e3o e aplica\u00e7\u00e3o do Sistema.<\/p>\n<p><a href=\"https:\/\/sgq-metalfam.bitqualy.tech\/index.php\/objetivos-da-qualidade\/\">Clique aqui para saber mais\u2026<\/a><\/td>\n<\/tr>\n<\/tbody>\n<\/table>\n<table width=\"915\">\n<tbody>\n<tr>\n<td width=\"114\"><img loading=\"lazy\" decoding=\"async\" class=\"wp-image-58 size-thumbnail aligncenter\" src=\"https:\/\/sgq-metalfam.bitqualy.tech\/wp-content\/uploads\/2022\/04\/obj_processo-150x150.png\" alt=\"\" width=\"150\" height=\"150\" srcset=\"https:\/\/sgq-metalfam.bitqualy.tech\/wp-content\/uploads\/2022\/04\/obj_processo-150x150.png 150w, https:\/\/sgq-metalfam.bitqualy.tech\/wp-content\/uploads\/2022\/04\/obj_processo-300x300.png 300w, https:\/\/sgq-metalfam.bitqualy.tech\/wp-content\/uploads\/2022\/04\/obj_processo.png 400w\" sizes=\"(max-width: 150px) 100vw, 150px\" \/><\/td>\n<td width=\"462\">\n<h4><strong>INDICADORES DE PROCESSO<\/strong><\/h4>\n<p>Os indicadores de processo s\u00e3o definidos no n\u00edvel de cada processo, de modo que se tenha uma forma eficaz de medir cada uma das atividades executadas pela empresa. Em geral, os Objetivos do Sistema de Gest\u00e3o derivam desses indicadores.<\/p>\n<p>Clique aqui para saber mais\u2026<\/td>\n<\/tr>\n<\/tbody>\n<\/table>\n<table width=\"915\">\n<tbody>\n<tr>\n<td width=\"114\"><img loading=\"lazy\" decoding=\"async\" class=\"wp-image-57 size-thumbnail aligncenter\" src=\"https:\/\/sgq-metalfam.bitqualy.tech\/wp-content\/uploads\/2022\/04\/lupa_doc-150x150.png\" alt=\"\" width=\"150\" height=\"150\" srcset=\"https:\/\/sgq-metalfam.bitqualy.tech\/wp-content\/uploads\/2022\/04\/lupa_doc-150x150.png 150w, https:\/\/sgq-metalfam.bitqualy.tech\/wp-content\/uploads\/2022\/04\/lupa_doc-300x300.png 300w, https:\/\/sgq-metalfam.bitqualy.tech\/wp-content\/uploads\/2022\/04\/lupa_doc.png 400w\" sizes=\"(max-width: 150px) 100vw, 150px\" \/><\/td>\n<td width=\"462\">\n<h4><strong>CRONOGRAMA DE AUDITORIA<\/strong><\/h4>\n<p>Veja aqui o cronograma de auditorias internas e auditorias de certifica\u00e7\u00e3o e manuten\u00e7\u00e3o do Sistema de Gest\u00e3o.<\/p>\n<p><a href=\"https:\/\/sgq-metalfam.bitqualy.tech\/index.php\/cronograma-de-auditoria\/\">Clique aqui para saber mais\u2026<\/a><\/td>\n<\/tr>\n<\/tbody>\n<\/table>\n","protected":false},"excerpt":{"rendered":"<p>Este Portal foi desenvolvido para servir como base para o Sistema de Gest\u00e3o da Qualidade da Metalfam Decapagem de Gancheiras e Pe\u00e7as. O Portal do Sistema de Gest\u00e3o da Qualidade pode ser acessado de qualquer lugar do mundo, em qualquer tipo de dispositivo e possui um sistema de seguran\u00e7a de dados que evita perdas de [&hellip;]<\/p>\n","protected":false},"author":1,"featured_media":0,"parent":0,"menu_order":0,"comment_status":"closed","ping_status":"closed","template":"","meta":{"footnotes":""},"_links":{"self":[{"href":"https:\/\/sgq-metalfam.bitqualy.tech\/index.php\/wp-json\/wp\/v2\/pages\/6"}],"collection":[{"href":"https:\/\/sgq-metalfam.bitqualy.tech\/index.php\/wp-json\/wp\/v2\/pages"}],"about":[{"href":"https:\/\/sgq-metalfam.bitqualy.tech\/index.php\/wp-json\/wp\/v2\/types\/page"}],"author":[{"embeddable":true,"href":"https:\/\/sgq-metalfam.bitqualy.tech\/index.php\/wp-json\/wp\/v2\/users\/1"}],"replies":[{"embeddable":true,"href":"https:\/\/sgq-metalfam.bitqualy.tech\/index.php\/wp-json\/wp\/v2\/comments?post=6"}],"version-history":[{"count":8,"href":"https:\/\/sgq-metalfam.bitqualy.tech\/index.php\/wp-json\/wp\/v2\/pages\/6\/revisions"}],"predecessor-version":[{"id":386,"href":"https:\/\/sgq-metalfam.bitqualy.tech\/index.php\/wp-json\/wp\/v2\/pages\/6\/revisions\/386"}],"wp:attachment":[{"href":"https:\/\/sgq-metalfam.bitqualy.tech\/index.php\/wp-json\/wp\/v2\/media?parent=6"}],"curies":[{"name":"wp","href":"https:\/\/api.w.org\/{rel}","templated":true}]}}