{"id":79,"date":"2022-04-29T09:41:07","date_gmt":"2022-04-29T12:41:07","guid":{"rendered":"http:\/\/sgq-metalfam.bitqualy.tech\/?page_id=79"},"modified":"2022-11-30T10:51:53","modified_gmt":"2022-11-30T13:51:53","slug":"p01-comercial","status":"publish","type":"page","link":"https:\/\/sgq-metalfam.bitqualy.tech\/index.php\/p01-comercial\/","title":{"rendered":"P01 Comercial"},"content":{"rendered":"<blockquote><p><img decoding=\"async\" class=\"size-medium wp-image-46 alignleft\" src=\"https:\/\/sgq-metalfam.bitqualy.tech\/wp-content\/uploads\/2022\/04\/doc_controlado-300x300.png\" alt=\"\" width=\"17%\" height=\"17%\" srcset=\"https:\/\/sgq-metalfam.bitqualy.tech\/wp-content\/uploads\/2022\/04\/doc_controlado-300x300.png 300w, https:\/\/sgq-metalfam.bitqualy.tech\/wp-content\/uploads\/2022\/04\/doc_controlado-150x150.png 150w, https:\/\/sgq-metalfam.bitqualy.tech\/wp-content\/uploads\/2022\/04\/doc_controlado.png 400w\" sizes=\"(max-width: 300px) 100vw, 300px\" \/> <strong>Documento Controlado<br \/>\nElaborado por:<\/strong> Rodrigo Andrioli<br \/>\n<strong>Aprovado por: <\/strong>Greidson Lima<br \/>\n<strong>Vers\u00e3o<\/strong> 01\u00a0 <strong>Data: <\/strong>26\/04\/2022<\/p>\n<p>&nbsp;<\/p><\/blockquote>\n<p><strong>1 &#8211; Refer\u00eancias<\/strong><\/p>\n<p>Manual da Qualidade<\/p>\n<p>ISO 9001:2015<\/p>\n<p><strong>2 &#8211; <\/strong><strong>Objetivo do Processo<\/strong><\/p>\n<p style=\"text-align: justify;\">O processo tem como objetivo realizar a prospec\u00e7\u00e3o de clientes, prestar atendimento aos clientes de carteira, desenvolver novos neg\u00f3cios com clientes existentes e, por fim, realizar processo de p\u00f3s-venda.<\/p>\n<p><strong>3 &#8211; Entradas do Processo<\/strong><\/p>\n<p>a) Informa\u00e7\u00f5es de contato;<br \/>\nb) Cadastro de clientes;<br \/>\nc) Solicita\u00e7\u00f5es de clientes;<br \/>\nd) Pessoas;<br \/>\ne) Infraestrutura.<\/p>\n<p><strong>4 &#8211; Processo Comercial<\/strong><\/p>\n<p><strong>4.1 &#8211; <\/strong><strong>Fluxo do Processo Comercial<\/strong><\/p>\n<p><img loading=\"lazy\" decoding=\"async\" class=\"alignnone wp-image-83 size-full\" src=\"https:\/\/sgq-metalfam.bitqualy.tech\/wp-content\/uploads\/2022\/04\/fluxo-comercial.png\" alt=\"\" width=\"670\" height=\"387\" srcset=\"https:\/\/sgq-metalfam.bitqualy.tech\/wp-content\/uploads\/2022\/04\/fluxo-comercial.png 670w, https:\/\/sgq-metalfam.bitqualy.tech\/wp-content\/uploads\/2022\/04\/fluxo-comercial-300x173.png 300w\" sizes=\"(max-width: 670px) 100vw, 670px\" \/><\/p>\n<p><strong>4.2 &#8211; Descri\u00e7\u00e3o do Processo Comercial<\/strong><\/p>\n<p style=\"text-align: justify;\">O Processo Comercial tem in\u00edcio com a realiza\u00e7\u00e3o do contato com o cliente, seja ele realizado pela empresa ou atrav\u00e9s do recebimento do contato por parte do cliente. Essa comunica\u00e7\u00e3o pode se dar atrav\u00e9s de telefone, <em>WhatsApp<\/em> ou e-mail. No contato com o cliente devem ser verificadas as condi\u00e7\u00f5es principais para presta\u00e7\u00e3o de servi\u00e7o, conforme abaixo:<\/p>\n<p style=\"text-align: justify;\">Avalia\u00e7\u00f5es para presta\u00e7\u00e3o de servi\u00e7o:<br \/>\n&#8211; Verificar possibilidade de atendimento;<br \/>\n&#8211; Verificar volume de pe\u00e7as do cliente;<br \/>\n&#8211; Verificar demanda do cliente ao longo do tempo;<\/p>\n<p style=\"text-align: justify;\">Ap\u00f3s a an\u00e1lise cr\u00edtica das demandas do cliente, deve ser avaliada a necessidade de realiza\u00e7\u00e3o de visitas no cliente de acordo com a caracter\u00edstica do mesmo. Caso necess\u00e1rio, deve-se realizar a visita ao cliente para avalia\u00e7\u00e3o das condi\u00e7\u00f5es. Caso n\u00e3o seja necess\u00e1ria a visita ou ap\u00f3s a realiza\u00e7\u00e3o da visita, devem ser estabelecidas as condi\u00e7\u00f5es comerciais para o cliente\u00a0 realizar a emiss\u00e3o do or\u00e7amento e envi\u00e1-lo ao cliente.<\/p>\n<p style=\"text-align: justify;\">Em seguida deve ser feito o acompanhamento do or\u00e7amento quanto a sua aprova\u00e7\u00e3o. A aprova\u00e7\u00e3o do or\u00e7amento pode ocorrer atrav\u00e9s do contato do cliente via e-mail, <em>WhatsApp<\/em> ou pelo envio das pe\u00e7as ap\u00f3s as condi\u00e7\u00f5es comerciais estabelecidas. Caso o cliente n\u00e3o aprove o or\u00e7amento, devem ser verificadas poss\u00edveis altera\u00e7\u00f5es nas condi\u00e7\u00f5es de presta\u00e7\u00e3o de servi\u00e7o e realizar negocia\u00e7\u00e3o com o cliente. Caso n\u00e3o sejam poss\u00edveis as altera\u00e7\u00f5es, o processo se encerra. Nos casos em que os or\u00e7amentos s\u00e3o aprovados, deve ser realizado o cadastro do cliente no sistema bem como sua classifica\u00e7\u00e3o. Al\u00e9m disso, devem ser inseridas no sistema as condi\u00e7\u00f5es comerciais estabelecidas no or\u00e7amento.<\/p>\n<p style=\"text-align: justify;\">Ap\u00f3s a finaliza\u00e7\u00e3o desse processo o Comercial deve realizar o monitoramento das entregas do cliente e caso a entrega n\u00e3o seja especificada na aprova\u00e7\u00e3o do or\u00e7amento, deve ser realizado contato com o cliente para alinhamento e defini\u00e7\u00e3o do envio dos itens, encerrando o processo.<\/p>\n<p><strong>5 &#8211; Controles Comerciais<\/strong><\/p>\n<p style=\"text-align: justify;\">Para suporte ao Processo Comercial s\u00e3o realizados controles sobre algumas atividades, conforme especificados abaixo:<\/p>\n<p style=\"text-align: justify;\">&#8211; <u>Controle de Contatos com o Cliente<\/u>: O controle \u00e9 realizado atrav\u00e9s do Sistema ASANA e tem como objetivo o monitoramento e controle das demandas de contato com clientes para acompanhamento de propostas e verifica\u00e7\u00e3o de entregas.<\/p>\n<p style=\"text-align: justify;\">&#8211; <u>Controle de Contratos<\/u>: O controle \u00e9 realizado atrav\u00e9s do Sistema ASANA e tem como objetivo manter os registros de contratos firmados com clientes com as especifica\u00e7\u00f5es da presta\u00e7\u00e3o de servi\u00e7o.<\/p>\n<p style=\"text-align: justify;\">&#8211; <u>Controle de Entregas<\/u>: O controle \u00e9 realizado atrav\u00e9s do Sistema ASANA e tem como objetivo o monitoramento das entregas realizadas pelos clientes, cujo or\u00e7amento j\u00e1 est\u00e1 validado.<\/p>\n<p style=\"text-align: justify;\">&#8211; <u>Controle de <em>Follow Up<\/em><\/u>: O controle \u00e9 realizado atrav\u00e9s do Sistema ASANA e tem como objetivo o monitoramento das propostas emitidas aos clientes que ainda n\u00e3o se teve retorno. Neste controle devem ser registrados os or\u00e7amentos fechados e declinados.<\/p>\n<p><strong>6 &#8211; <\/strong><strong>Observa\u00e7\u00f5es do Processo <\/strong><\/p>\n<p style=\"text-align: justify;\">&#8211; Os apontamentos devem ser registrados e ficam dispon\u00edveis para consulta no Sistema ASANA.<\/p>\n<p><strong>7 &#8211; Abordagem de Riscos do Processo<\/strong><\/p>\n<p style=\"text-align: justify;\">A abordagem de riscos do Processo Comercial \u00e9 realizada conforme <a href=\"https:\/\/sgq-metalfam.bitqualy.tech\/index.php\/manual-de-mapeamento-de-riscos\/\" target=\"_blank\" rel=\"noopener\"><strong>MGR-MANUAL DE GERENCIAMENTO DE RISCO<\/strong><\/a> e registrada atrav\u00e9s do Sistema <strong><a href=\"http:\/\/metalfam.bitqualy.tech\/\" target=\"_blank\" rel=\"noopener\">BitQualy<\/a>.<\/strong><\/p>\n<p><strong>8 &#8211; Sa\u00eddas do Processo<\/strong><\/p>\n<p>a) Or\u00e7amentos;<br \/>\nb) Clientes cadastrados no sistema;<br \/>\nc) Demandas internas;<br \/>\nd) <em>Follow Up<\/em> de propostas.<\/p>\n<p><strong>9 &#8211; <\/strong><strong>Indicadores de Performance<\/strong><\/p>\n<p>Os indicadores do processo s\u00e3o definidos no Sistema <a href=\"http:\/\/metalfam.bitqualy.tech\/indicadores_processo.php\" target=\"_blank\" rel=\"noopener\"><strong>BitQualy<\/strong><\/a>.<\/p>\n<p><strong>10 &#8211; <\/strong><strong>Informa\u00e7\u00e3o Documentada<\/strong><\/p>\n<table width=\"696\">\n<tbody>\n<tr>\n<td width=\"19%\">\n<p style=\"text-align: center;\"><strong>Identifica\u00e7\u00e3o<\/strong><\/p>\n<\/td>\n<td width=\"23%\">\n<p style=\"text-align: center;\"><strong>Armazenamento<\/strong><\/p>\n<\/td>\n<td width=\"14%\">\n<p style=\"text-align: center;\"><strong>Prote\u00e7\u00e3o<\/strong><\/p>\n<\/td>\n<td width=\"19%\">\n<p style=\"text-align: center;\"><strong>Recupera\u00e7\u00e3o<\/strong><\/p>\n<\/td>\n<td width=\"17%\">\n<p style=\"text-align: center;\"><strong>Reten\u00e7\u00e3o<\/strong><\/p>\n<\/td>\n<td width=\"16%\">\n<p style=\"text-align: center;\"><strong>Disposi\u00e7\u00e3o<\/strong><\/p>\n<\/td>\n<\/tr>\n<tr>\n<td width=\"129\">MGR-Manual de Gerenciamento de Risco<\/td>\n<td style=\"text-align: center;\" width=\"127\">Sistema<\/td>\n<td style=\"text-align: center;\" width=\"137\">Banco de Dados<\/td>\n<td style=\"text-align: center;\" width=\"106\">Data<\/td>\n<td style=\"text-align: center;\" width=\"104\">3 Anos<\/td>\n<td style=\"text-align: center;\" width=\"93\">N\/A<\/td>\n<\/tr>\n<tr>\n<td width=\"129\">Cadastro de Cliente<\/td>\n<td style=\"text-align: center;\" width=\"127\">Sistema<\/td>\n<td style=\"text-align: center;\" width=\"137\">Back Up<\/td>\n<td style=\"text-align: center;\" width=\"106\">Nome<\/td>\n<td style=\"text-align: center;\" width=\"104\">Indeterminada<\/td>\n<td style=\"text-align: center;\" width=\"93\">N\/A<\/td>\n<\/tr>\n<tr>\n<td width=\"129\">Or\u00e7amentos<\/td>\n<td style=\"text-align: center;\" width=\"127\">Pasta na Rede<\/td>\n<td style=\"text-align: center;\" width=\"137\">Back Up<\/td>\n<td style=\"text-align: center;\" width=\"106\">Nome do Cliente e Data<\/td>\n<td style=\"text-align: center;\" width=\"104\">Indeterminada<\/td>\n<td style=\"text-align: center;\" width=\"93\">N\/A<\/td>\n<\/tr>\n<\/tbody>\n<\/table>\n<p><strong>11 &#8211; Controle de Altera\u00e7\u00f5es<\/strong><\/p>\n<p>O controle de altera\u00e7\u00f5es \u00e9 realizado atrav\u00e9s do Sistema <a href=\"http:\/\/metalfam.bitqualy.tech\/info_doc.php\" target=\"_blank\" rel=\"noopener\"><strong>BitQualy<\/strong><\/a>.<\/p>\n","protected":false},"excerpt":{"rendered":"<p>Documento Controlado Elaborado por: Rodrigo Andrioli Aprovado por: Greidson Lima Vers\u00e3o 01\u00a0 Data: 26\/04\/2022 &nbsp; 1 &#8211; Refer\u00eancias Manual da Qualidade ISO 9001:2015 2 &#8211; Objetivo do Processo O processo tem como objetivo realizar a prospec\u00e7\u00e3o de clientes, prestar atendimento aos clientes de carteira, desenvolver novos neg\u00f3cios com clientes existentes e, por fim, realizar processo [&hellip;]<\/p>\n","protected":false},"author":1,"featured_media":0,"parent":0,"menu_order":0,"comment_status":"closed","ping_status":"closed","template":"","meta":{"footnotes":""},"_links":{"self":[{"href":"https:\/\/sgq-metalfam.bitqualy.tech\/index.php\/wp-json\/wp\/v2\/pages\/79"}],"collection":[{"href":"https:\/\/sgq-metalfam.bitqualy.tech\/index.php\/wp-json\/wp\/v2\/pages"}],"about":[{"href":"https:\/\/sgq-metalfam.bitqualy.tech\/index.php\/wp-json\/wp\/v2\/types\/page"}],"author":[{"embeddable":true,"href":"https:\/\/sgq-metalfam.bitqualy.tech\/index.php\/wp-json\/wp\/v2\/users\/1"}],"replies":[{"embeddable":true,"href":"https:\/\/sgq-metalfam.bitqualy.tech\/index.php\/wp-json\/wp\/v2\/comments?post=79"}],"version-history":[{"count":23,"href":"https:\/\/sgq-metalfam.bitqualy.tech\/index.php\/wp-json\/wp\/v2\/pages\/79\/revisions"}],"predecessor-version":[{"id":221,"href":"https:\/\/sgq-metalfam.bitqualy.tech\/index.php\/wp-json\/wp\/v2\/pages\/79\/revisions\/221"}],"wp:attachment":[{"href":"https:\/\/sgq-metalfam.bitqualy.tech\/index.php\/wp-json\/wp\/v2\/media?parent=79"}],"curies":[{"name":"wp","href":"https:\/\/api.w.org\/{rel}","templated":true}]}}